{"id":13,"date":"2025-08-18T14:06:56","date_gmt":"2025-08-18T12:06:56","guid":{"rendered":"https:\/\/danieljurzyna.com\/?page_id=13"},"modified":"2025-12-22T14:23:25","modified_gmt":"2025-12-22T13:23:25","slug":"light","status":"publish","type":"page","link":"https:\/\/danieljurzyna.com\/?page_id=13","title":{"rendered":"Light"},"content":{"rendered":"\t\t<div data-elementor-type=\"wp-page\" data-elementor-id=\"13\" class=\"elementor elementor-13\">\n\t\t\t\t<div class=\"elementor-element elementor-element-461df9d e-grid e-con-boxed e-con e-parent\" data-id=\"461df9d\" data-element_type=\"container\">\n\t\t\t\t\t<div class=\"e-con-inner\">\n\t\t\t\t<div class=\"elementor-element elementor-element-21acf9d elementor-widget elementor-widget-image\" data-id=\"21acf9d\" data-element_type=\"widget\" data-widget_type=\"image.default\">\n\t\t\t\t\t\t\t\t\t\t\t\t<figure class=\"wp-caption\">\n\t\t\t\t\t\t\t\t\t\t\t<a href=\"https:\/\/www.youtube.com\/watch?v=S7LX52COnDQ\">\n\t\t\t\t\t\t\t<img fetchpriority=\"high\" decoding=\"async\" width=\"1024\" height=\"576\" src=\"https:\/\/danieljurzyna.com\/wp-content\/uploads\/2025\/09\/Screenshot-2025-09-28-at-21.14.53-1024x576.png\" class=\"attachment-large size-large wp-image-122\" alt=\"\" srcset=\"https:\/\/danieljurzyna.com\/wp-content\/uploads\/2025\/09\/Screenshot-2025-09-28-at-21.14.53-1024x576.png 1024w, https:\/\/danieljurzyna.com\/wp-content\/uploads\/2025\/09\/Screenshot-2025-09-28-at-21.14.53-300x169.png 300w, https:\/\/danieljurzyna.com\/wp-content\/uploads\/2025\/09\/Screenshot-2025-09-28-at-21.14.53-768x432.png 768w, https:\/\/danieljurzyna.com\/wp-content\/uploads\/2025\/09\/Screenshot-2025-09-28-at-21.14.53-1536x864.png 1536w, https:\/\/danieljurzyna.com\/wp-content\/uploads\/2025\/09\/Screenshot-2025-09-28-at-21.14.53.png 1920w\" sizes=\"(max-width: 1024px) 100vw, 1024px\" \/>\t\t\t\t\t\t\t\t<\/a>\n\t\t\t\t\t\t\t\t\t\t\t<figcaption class=\"widget-image-caption wp-caption-text\">AGTZ Twin Tail - The Story. Gaffer.<\/figcaption>\n\t\t\t\t\t\t\t\t\t\t<\/figure>\n\t\t\t\t\t\t\t\t\t<\/div>\n\t\t\t\t<div class=\"elementor-element elementor-element-8234878 elementor-widget elementor-widget-image\" data-id=\"8234878\" data-element_type=\"widget\" data-widget_type=\"image.default\">\n\t\t\t\t\t\t\t\t\t\t\t\t<figure class=\"wp-caption\">\n\t\t\t\t\t\t\t\t\t\t\t<a href=\"https:\/\/www.youtube.com\/watch?v=P2IwbTpdvQI\">\n\t\t\t\t\t\t\t<img decoding=\"async\" width=\"1024\" height=\"576\" src=\"https:\/\/danieljurzyna.com\/wp-content\/uploads\/2025\/09\/Screenshot-2025-09-28-at-21.17.18-1024x576.png\" class=\"attachment-large size-large wp-image-126\" alt=\"\" srcset=\"https:\/\/danieljurzyna.com\/wp-content\/uploads\/2025\/09\/Screenshot-2025-09-28-at-21.17.18-1024x576.png 1024w, https:\/\/danieljurzyna.com\/wp-content\/uploads\/2025\/09\/Screenshot-2025-09-28-at-21.17.18-300x169.png 300w, https:\/\/danieljurzyna.com\/wp-content\/uploads\/2025\/09\/Screenshot-2025-09-28-at-21.17.18-768x432.png 768w, https:\/\/danieljurzyna.com\/wp-content\/uploads\/2025\/09\/Screenshot-2025-09-28-at-21.17.18-1536x864.png 1536w, https:\/\/danieljurzyna.com\/wp-content\/uploads\/2025\/09\/Screenshot-2025-09-28-at-21.17.18.png 1920w\" sizes=\"(max-width: 1024px) 100vw, 1024px\" \/>\t\t\t\t\t\t\t\t<\/a>\n\t\t\t\t\t\t\t\t\t\t\t<figcaption class=\"widget-image-caption wp-caption-text\">Szlachetna Paczka. Gaffer.<\/figcaption>\n\t\t\t\t\t\t\t\t\t\t<\/figure>\n\t\t\t\t\t\t\t\t\t<\/div>\n\t\t\t\t<div class=\"elementor-element elementor-element-7e2a2cc elementor-widget elementor-widget-image\" data-id=\"7e2a2cc\" data-element_type=\"widget\" data-widget_type=\"image.default\">\n\t\t\t\t\t\t\t\t\t\t\t\t<figure class=\"wp-caption\">\n\t\t\t\t\t\t\t\t\t\t\t<a href=\"https:\/\/www.youtube.com\/watch?v=PpU1Y8sw3S8&#038;list=RDPpU1Y8sw3S8&#038;start_radio=1\">\n\t\t\t\t\t\t\t<img decoding=\"async\" width=\"1024\" height=\"576\" src=\"https:\/\/danieljurzyna.com\/wp-content\/uploads\/2025\/11\/Screenshot-2025-11-17-at-17.38.55-1024x576.png\" class=\"attachment-large size-large wp-image-214\" alt=\"\" srcset=\"https:\/\/danieljurzyna.com\/wp-content\/uploads\/2025\/11\/Screenshot-2025-11-17-at-17.38.55-1024x576.png 1024w, https:\/\/danieljurzyna.com\/wp-content\/uploads\/2025\/11\/Screenshot-2025-11-17-at-17.38.55-300x169.png 300w, https:\/\/danieljurzyna.com\/wp-content\/uploads\/2025\/11\/Screenshot-2025-11-17-at-17.38.55-768x432.png 768w, https:\/\/danieljurzyna.com\/wp-content\/uploads\/2025\/11\/Screenshot-2025-11-17-at-17.38.55-1536x864.png 1536w, https:\/\/danieljurzyna.com\/wp-content\/uploads\/2025\/11\/Screenshot-2025-11-17-at-17.38.55.png 1920w\" sizes=\"(max-width: 1024px) 100vw, 1024px\" \/>\t\t\t\t\t\t\t\t<\/a>\n\t\t\t\t\t\t\t\t\t\t\t<figcaption class=\"widget-image-caption wp-caption-text\">DJ Element-  - Niewypowiedziane \u015awiaty<\/figcaption>\n\t\t\t\t\t\t\t\t\t\t<\/figure>\n\t\t\t\t\t\t\t\t\t<\/div>\n\t\t\t\t<div class=\"elementor-element elementor-element-06e12cf elementor-widget elementor-widget-image\" data-id=\"06e12cf\" data-element_type=\"widget\" data-widget_type=\"image.default\">\n\t\t\t\t\t\t\t\t\t\t\t\t<figure class=\"wp-caption\">\n\t\t\t\t\t\t\t\t\t\t\t<a href=\"https:\/\/vimeo.com\/1068125169?fl=pl&#038;fe=sh\">\n\t\t\t\t\t\t\t<img loading=\"lazy\" decoding=\"async\" width=\"1024\" height=\"511\" src=\"https:\/\/danieljurzyna.com\/wp-content\/uploads\/2025\/12\/Zrzut-ekranu-2025-12-22-o-14.20.01-1024x511.png\" class=\"attachment-large size-large wp-image-226\" alt=\"\" srcset=\"https:\/\/danieljurzyna.com\/wp-content\/uploads\/2025\/12\/Zrzut-ekranu-2025-12-22-o-14.20.01-1024x511.png 1024w, https:\/\/danieljurzyna.com\/wp-content\/uploads\/2025\/12\/Zrzut-ekranu-2025-12-22-o-14.20.01-300x150.png 300w, https:\/\/danieljurzyna.com\/wp-content\/uploads\/2025\/12\/Zrzut-ekranu-2025-12-22-o-14.20.01-768x383.png 768w, https:\/\/danieljurzyna.com\/wp-content\/uploads\/2025\/12\/Zrzut-ekranu-2025-12-22-o-14.20.01-1536x766.png 1536w, https:\/\/danieljurzyna.com\/wp-content\/uploads\/2025\/12\/Zrzut-ekranu-2025-12-22-o-14.20.01-2048x1022.png 2048w\" sizes=\"(max-width: 1024px) 100vw, 1024px\" \/>\t\t\t\t\t\t\t\t<\/a>\n\t\t\t\t\t\t\t\t\t\t\t<figcaption class=\"widget-image-caption wp-caption-text\">Sega Guitars - Gaffer<\/figcaption>\n\t\t\t\t\t\t\t\t\t\t<\/figure>\n\t\t\t\t\t\t\t\t\t<\/div>\n\t\t\t\t<div class=\"elementor-element elementor-element-2a9803a elementor-widget elementor-widget-image\" data-id=\"2a9803a\" data-element_type=\"widget\" data-widget_type=\"image.default\">\n\t\t\t\t\t\t\t\t\t\t\t\t<figure class=\"wp-caption\">\n\t\t\t\t\t\t\t\t\t\t\t<a href=\"https:\/\/www.youtube.com\/watch?v=kPlUhMkLxw8\">\n\t\t\t\t\t\t\t<img loading=\"lazy\" decoding=\"async\" width=\"1024\" height=\"576\" src=\"https:\/\/danieljurzyna.com\/wp-content\/uploads\/2025\/09\/Screenshot-2025-09-28-at-21.19.37-1024x576.png\" class=\"attachment-large size-large wp-image-127\" alt=\"\" srcset=\"https:\/\/danieljurzyna.com\/wp-content\/uploads\/2025\/09\/Screenshot-2025-09-28-at-21.19.37-1024x576.png 1024w, https:\/\/danieljurzyna.com\/wp-content\/uploads\/2025\/09\/Screenshot-2025-09-28-at-21.19.37-300x169.png 300w, https:\/\/danieljurzyna.com\/wp-content\/uploads\/2025\/09\/Screenshot-2025-09-28-at-21.19.37-768x432.png 768w, https:\/\/danieljurzyna.com\/wp-content\/uploads\/2025\/09\/Screenshot-2025-09-28-at-21.19.37-1536x864.png 1536w, https:\/\/danieljurzyna.com\/wp-content\/uploads\/2025\/09\/Screenshot-2025-09-28-at-21.19.37.png 1920w\" sizes=\"(max-width: 1024px) 100vw, 1024px\" \/>\t\t\t\t\t\t\t\t<\/a>\n\t\t\t\t\t\t\t\t\t\t\t<figcaption class=\"widget-image-caption wp-caption-text\">Welcome to Office Samurai!. Gaffer.<\/figcaption>\n\t\t\t\t\t\t\t\t\t\t<\/figure>\n\t\t\t\t\t\t\t\t\t<\/div>\n\t\t\t\t<div class=\"elementor-element elementor-element-834abb4 elementor-widget elementor-widget-image\" data-id=\"834abb4\" data-element_type=\"widget\" data-widget_type=\"image.default\">\n\t\t\t\t\t\t\t\t\t\t\t\t<figure class=\"wp-caption\">\n\t\t\t\t\t\t\t\t\t\t\t<a href=\"https:\/\/vimeo.com\/893300031?fl=pl&#038;fe=vl\">\n\t\t\t\t\t\t\t<img loading=\"lazy\" decoding=\"async\" width=\"1024\" height=\"576\" src=\"https:\/\/danieljurzyna.com\/wp-content\/uploads\/2025\/09\/Screenshot-2025-09-28-at-21.21.33-1024x576.png\" class=\"attachment-large size-large wp-image-134\" alt=\"\" srcset=\"https:\/\/danieljurzyna.com\/wp-content\/uploads\/2025\/09\/Screenshot-2025-09-28-at-21.21.33-1024x576.png 1024w, https:\/\/danieljurzyna.com\/wp-content\/uploads\/2025\/09\/Screenshot-2025-09-28-at-21.21.33-300x169.png 300w, https:\/\/danieljurzyna.com\/wp-content\/uploads\/2025\/09\/Screenshot-2025-09-28-at-21.21.33-768x432.png 768w, https:\/\/danieljurzyna.com\/wp-content\/uploads\/2025\/09\/Screenshot-2025-09-28-at-21.21.33-1536x864.png 1536w, https:\/\/danieljurzyna.com\/wp-content\/uploads\/2025\/09\/Screenshot-2025-09-28-at-21.21.33.png 1920w\" sizes=\"(max-width: 1024px) 100vw, 1024px\" \/>\t\t\t\t\t\t\t\t<\/a>\n\t\t\t\t\t\t\t\t\t\t\t<figcaption class=\"widget-image-caption wp-caption-text\">COOKIE BOX. Short Film. Gaffer.<\/figcaption>\n\t\t\t\t\t\t\t\t\t\t<\/figure>\n\t\t\t\t\t\t\t\t\t<\/div>\n\t\t\t\t<div class=\"elementor-element elementor-element-179e31a elementor-widget elementor-widget-image\" data-id=\"179e31a\" data-element_type=\"widget\" data-widget_type=\"image.default\">\n\t\t\t\t\t\t\t\t\t\t\t\t<figure class=\"wp-caption\">\n\t\t\t\t\t\t\t\t\t\t\t<a href=\"https:\/\/www.youtube.com\/watch?v=qAQNK4Fk8GA\">\n\t\t\t\t\t\t\t<img loading=\"lazy\" decoding=\"async\" width=\"1024\" height=\"576\" src=\"https:\/\/danieljurzyna.com\/wp-content\/uploads\/2025\/09\/Screenshot-2025-09-28-at-21.39.56-1024x576.png\" class=\"attachment-large size-large wp-image-156\" alt=\"\" srcset=\"https:\/\/danieljurzyna.com\/wp-content\/uploads\/2025\/09\/Screenshot-2025-09-28-at-21.39.56-1024x576.png 1024w, https:\/\/danieljurzyna.com\/wp-content\/uploads\/2025\/09\/Screenshot-2025-09-28-at-21.39.56-300x169.png 300w, https:\/\/danieljurzyna.com\/wp-content\/uploads\/2025\/09\/Screenshot-2025-09-28-at-21.39.56-768x432.png 768w, https:\/\/danieljurzyna.com\/wp-content\/uploads\/2025\/09\/Screenshot-2025-09-28-at-21.39.56-1536x864.png 1536w, https:\/\/danieljurzyna.com\/wp-content\/uploads\/2025\/09\/Screenshot-2025-09-28-at-21.39.56.png 1920w\" sizes=\"(max-width: 1024px) 100vw, 1024px\" \/>\t\t\t\t\t\t\t\t<\/a>\n\t\t\t\t\t\t\t\t\t\t\t<figcaption class=\"widget-image-caption wp-caption-text\">LADYLIKE, Short Film. Gaffer.<\/figcaption>\n\t\t\t\t\t\t\t\t\t\t<\/figure>\n\t\t\t\t\t\t\t\t\t<\/div>\n\t\t\t\t<div class=\"elementor-element elementor-element-2eb27f9 elementor-widget elementor-widget-image\" data-id=\"2eb27f9\" data-element_type=\"widget\" data-widget_type=\"image.default\">\n\t\t\t\t\t\t\t\t\t\t\t\t<figure class=\"wp-caption\">\n\t\t\t\t\t\t\t\t\t\t\t<a href=\"https:\/\/www.youtube.com\/watch?v=gviC2lI6iT0\">\n\t\t\t\t\t\t\t<img loading=\"lazy\" decoding=\"async\" width=\"1024\" height=\"576\" src=\"https:\/\/danieljurzyna.com\/wp-content\/uploads\/2025\/09\/Screenshot-2025-09-28-at-21.23.35-1024x576.png\" class=\"attachment-large size-large wp-image-138\" alt=\"\" srcset=\"https:\/\/danieljurzyna.com\/wp-content\/uploads\/2025\/09\/Screenshot-2025-09-28-at-21.23.35-1024x576.png 1024w, https:\/\/danieljurzyna.com\/wp-content\/uploads\/2025\/09\/Screenshot-2025-09-28-at-21.23.35-300x169.png 300w, https:\/\/danieljurzyna.com\/wp-content\/uploads\/2025\/09\/Screenshot-2025-09-28-at-21.23.35-768x432.png 768w, https:\/\/danieljurzyna.com\/wp-content\/uploads\/2025\/09\/Screenshot-2025-09-28-at-21.23.35-1536x864.png 1536w, https:\/\/danieljurzyna.com\/wp-content\/uploads\/2025\/09\/Screenshot-2025-09-28-at-21.23.35.png 1920w\" sizes=\"(max-width: 1024px) 100vw, 1024px\" \/>\t\t\t\t\t\t\t\t<\/a>\n\t\t\t\t\t\t\t\t\t\t\t<figcaption class=\"widget-image-caption wp-caption-text\">It's not another promotional video. Gaffer.<\/figcaption>\n\t\t\t\t\t\t\t\t\t\t<\/figure>\n\t\t\t\t\t\t\t\t\t<\/div>\n\t\t\t\t<div class=\"elementor-element elementor-element-8056573 elementor-widget elementor-widget-image\" data-id=\"8056573\" data-element_type=\"widget\" data-widget_type=\"image.default\">\n\t\t\t\t\t\t\t\t\t\t\t\t<figure class=\"wp-caption\">\n\t\t\t\t\t\t\t\t\t\t\t<a href=\"https:\/\/www.youtube.com\/watch?v=UWhXu9VTrZY\">\n\t\t\t\t\t\t\t<img loading=\"lazy\" decoding=\"async\" width=\"1024\" height=\"576\" src=\"https:\/\/danieljurzyna.com\/wp-content\/uploads\/2025\/09\/Screenshot-2025-09-28-at-21.26.19-1024x576.png\" class=\"attachment-large size-large wp-image-143\" alt=\"\" srcset=\"https:\/\/danieljurzyna.com\/wp-content\/uploads\/2025\/09\/Screenshot-2025-09-28-at-21.26.19-1024x576.png 1024w, https:\/\/danieljurzyna.com\/wp-content\/uploads\/2025\/09\/Screenshot-2025-09-28-at-21.26.19-300x169.png 300w, https:\/\/danieljurzyna.com\/wp-content\/uploads\/2025\/09\/Screenshot-2025-09-28-at-21.26.19-768x432.png 768w, https:\/\/danieljurzyna.com\/wp-content\/uploads\/2025\/09\/Screenshot-2025-09-28-at-21.26.19-1536x864.png 1536w, https:\/\/danieljurzyna.com\/wp-content\/uploads\/2025\/09\/Screenshot-2025-09-28-at-21.26.19.png 1920w\" sizes=\"(max-width: 1024px) 100vw, 1024px\" \/>\t\t\t\t\t\t\t\t<\/a>\n\t\t\t\t\t\t\t\t\t\t\t<figcaption class=\"widget-image-caption wp-caption-text\">Alpine. AFTER THE RUSH. Gaffer.<\/figcaption>\n\t\t\t\t\t\t\t\t\t\t<\/figure>\n\t\t\t\t\t\t\t\t\t<\/div>\n\t\t\t\t<div class=\"elementor-element elementor-element-624a213 elementor-widget elementor-widget-image\" data-id=\"624a213\" data-element_type=\"widget\" data-widget_type=\"image.default\">\n\t\t\t\t\t\t\t\t\t\t\t\t<figure class=\"wp-caption\">\n\t\t\t\t\t\t\t\t\t\t\t<a href=\"https:\/\/www.youtube.com\/watch?v=wgp4NTmfi8g\">\n\t\t\t\t\t\t\t<img loading=\"lazy\" decoding=\"async\" width=\"1024\" height=\"576\" src=\"https:\/\/danieljurzyna.com\/wp-content\/uploads\/2025\/09\/Screenshot-2025-09-28-at-21.44.19-1024x576.png\" class=\"attachment-large size-large wp-image-168\" alt=\"\" srcset=\"https:\/\/danieljurzyna.com\/wp-content\/uploads\/2025\/09\/Screenshot-2025-09-28-at-21.44.19-1024x576.png 1024w, https:\/\/danieljurzyna.com\/wp-content\/uploads\/2025\/09\/Screenshot-2025-09-28-at-21.44.19-300x169.png 300w, https:\/\/danieljurzyna.com\/wp-content\/uploads\/2025\/09\/Screenshot-2025-09-28-at-21.44.19-768x432.png 768w, https:\/\/danieljurzyna.com\/wp-content\/uploads\/2025\/09\/Screenshot-2025-09-28-at-21.44.19-1536x864.png 1536w, https:\/\/danieljurzyna.com\/wp-content\/uploads\/2025\/09\/Screenshot-2025-09-28-at-21.44.19.png 1920w\" sizes=\"(max-width: 1024px) 100vw, 1024px\" \/>\t\t\t\t\t\t\t\t<\/a>\n\t\t\t\t\t\t\t\t\t\t\t<figcaption class=\"widget-image-caption wp-caption-text\">Cold Figures dance short film. Gaffer<\/figcaption>\n\t\t\t\t\t\t\t\t\t\t<\/figure>\n\t\t\t\t\t\t\t\t\t<\/div>\n\t\t\t\t<div class=\"elementor-element elementor-element-47139e3 elementor-widget elementor-widget-image\" data-id=\"47139e3\" data-element_type=\"widget\" data-widget_type=\"image.default\">\n\t\t\t\t\t\t\t\t\t\t\t\t<figure class=\"wp-caption\">\n\t\t\t\t\t\t\t\t\t\t\t<a href=\"https:\/\/www.youtube.com\/watch?v=dZZHvYYSCFw\">\n\t\t\t\t\t\t\t<img loading=\"lazy\" decoding=\"async\" width=\"1024\" height=\"576\" src=\"https:\/\/danieljurzyna.com\/wp-content\/uploads\/2025\/09\/Screenshot-2025-09-28-at-21.28.31-1024x576.png\" class=\"attachment-large size-large wp-image-148\" alt=\"\" srcset=\"https:\/\/danieljurzyna.com\/wp-content\/uploads\/2025\/09\/Screenshot-2025-09-28-at-21.28.31-1024x576.png 1024w, https:\/\/danieljurzyna.com\/wp-content\/uploads\/2025\/09\/Screenshot-2025-09-28-at-21.28.31-300x169.png 300w, https:\/\/danieljurzyna.com\/wp-content\/uploads\/2025\/09\/Screenshot-2025-09-28-at-21.28.31-768x432.png 768w, https:\/\/danieljurzyna.com\/wp-content\/uploads\/2025\/09\/Screenshot-2025-09-28-at-21.28.31-1536x864.png 1536w, https:\/\/danieljurzyna.com\/wp-content\/uploads\/2025\/09\/Screenshot-2025-09-28-at-21.28.31.png 1920w\" sizes=\"(max-width: 1024px) 100vw, 1024px\" \/>\t\t\t\t\t\t\t\t<\/a>\n\t\t\t\t\t\t\t\t\t\t\t<figcaption class=\"widget-image-caption wp-caption-text\">Barbarians: Season 2. Netflix. Spark.<\/figcaption>\n\t\t\t\t\t\t\t\t\t\t<\/figure>\n\t\t\t\t\t\t\t\t\t<\/div>\n\t\t\t\t<div class=\"elementor-element elementor-element-8299f65 elementor-widget elementor-widget-image\" data-id=\"8299f65\" data-element_type=\"widget\" data-widget_type=\"image.default\">\n\t\t\t\t\t\t\t\t\t\t\t\t<figure class=\"wp-caption\">\n\t\t\t\t\t\t\t\t\t\t\t<a href=\"https:\/\/www.youtube.com\/watch?v=ebZ1Xb6Fj3g\">\n\t\t\t\t\t\t\t<img loading=\"lazy\" decoding=\"async\" width=\"1024\" height=\"576\" src=\"https:\/\/danieljurzyna.com\/wp-content\/uploads\/2025\/09\/Screenshot-2025-09-28-at-21.30.15-1024x576.png\" class=\"attachment-large size-large wp-image-152\" alt=\"\" srcset=\"https:\/\/danieljurzyna.com\/wp-content\/uploads\/2025\/09\/Screenshot-2025-09-28-at-21.30.15-1024x576.png 1024w, https:\/\/danieljurzyna.com\/wp-content\/uploads\/2025\/09\/Screenshot-2025-09-28-at-21.30.15-300x169.png 300w, https:\/\/danieljurzyna.com\/wp-content\/uploads\/2025\/09\/Screenshot-2025-09-28-at-21.30.15-768x432.png 768w, https:\/\/danieljurzyna.com\/wp-content\/uploads\/2025\/09\/Screenshot-2025-09-28-at-21.30.15-1536x864.png 1536w, https:\/\/danieljurzyna.com\/wp-content\/uploads\/2025\/09\/Screenshot-2025-09-28-at-21.30.15.png 1920w\" sizes=\"(max-width: 1024px) 100vw, 1024px\" \/>\t\t\t\t\t\t\t\t<\/a>\n\t\t\t\t\t\t\t\t\t\t\t<figcaption class=\"widget-image-caption wp-caption-text\">Kacper HTA x Fonos - Tommy Gun prod. Gibbs. Gaffer.<\/figcaption>\n\t\t\t\t\t\t\t\t\t\t<\/figure>\n\t\t\t\t\t\t\t\t\t<\/div>\n\t\t\t\t<div class=\"elementor-element elementor-element-6e14bd1 elementor-widget elementor-widget-image\" data-id=\"6e14bd1\" data-element_type=\"widget\" data-widget_type=\"image.default\">\n\t\t\t\t\t\t\t\t\t\t\t\t<figure class=\"wp-caption\">\n\t\t\t\t\t\t\t\t\t\t\t<a href=\"https:\/\/www.youtube.com\/watch?v=Sx4vMds3DNA\">\n\t\t\t\t\t\t\t<img loading=\"lazy\" decoding=\"async\" width=\"1024\" height=\"576\" src=\"https:\/\/danieljurzyna.com\/wp-content\/uploads\/2025\/09\/Screenshot-2025-09-28-at-21.41.23-1024x576.png\" class=\"attachment-large size-large wp-image-160\" alt=\"\" srcset=\"https:\/\/danieljurzyna.com\/wp-content\/uploads\/2025\/09\/Screenshot-2025-09-28-at-21.41.23-1024x576.png 1024w, https:\/\/danieljurzyna.com\/wp-content\/uploads\/2025\/09\/Screenshot-2025-09-28-at-21.41.23-300x169.png 300w, https:\/\/danieljurzyna.com\/wp-content\/uploads\/2025\/09\/Screenshot-2025-09-28-at-21.41.23-768x432.png 768w, https:\/\/danieljurzyna.com\/wp-content\/uploads\/2025\/09\/Screenshot-2025-09-28-at-21.41.23-1536x864.png 1536w, https:\/\/danieljurzyna.com\/wp-content\/uploads\/2025\/09\/Screenshot-2025-09-28-at-21.41.23.png 1920w\" sizes=\"(max-width: 1024px) 100vw, 1024px\" \/>\t\t\t\t\t\t\t\t<\/a>\n\t\t\t\t\t\t\t\t\t\t\t<figcaption class=\"widget-image-caption wp-caption-text\">Dejlu - Ability Power. Gaffer.<\/figcaption>\n\t\t\t\t\t\t\t\t\t\t<\/figure>\n\t\t\t\t\t\t\t\t\t<\/div>\n\t\t\t\t<div class=\"elementor-element elementor-element-cf58807 elementor-widget elementor-widget-image\" data-id=\"cf58807\" data-element_type=\"widget\" data-widget_type=\"image.default\">\n\t\t\t\t\t\t\t\t\t\t\t\t<figure class=\"wp-caption\">\n\t\t\t\t\t\t\t\t\t\t\t<a href=\"https:\/\/www.youtube.com\/watch?v=HLiYg3mwftY\">\n\t\t\t\t\t\t\t<img loading=\"lazy\" decoding=\"async\" width=\"1024\" height=\"576\" src=\"https:\/\/danieljurzyna.com\/wp-content\/uploads\/2025\/09\/Screenshot-2025-09-28-at-21.42.46-1024x576.png\" class=\"attachment-large size-large wp-image-164\" alt=\"\" srcset=\"https:\/\/danieljurzyna.com\/wp-content\/uploads\/2025\/09\/Screenshot-2025-09-28-at-21.42.46-1024x576.png 1024w, https:\/\/danieljurzyna.com\/wp-content\/uploads\/2025\/09\/Screenshot-2025-09-28-at-21.42.46-300x169.png 300w, https:\/\/danieljurzyna.com\/wp-content\/uploads\/2025\/09\/Screenshot-2025-09-28-at-21.42.46-768x432.png 768w, https:\/\/danieljurzyna.com\/wp-content\/uploads\/2025\/09\/Screenshot-2025-09-28-at-21.42.46-1536x864.png 1536w, https:\/\/danieljurzyna.com\/wp-content\/uploads\/2025\/09\/Screenshot-2025-09-28-at-21.42.46.png 1920w\" sizes=\"(max-width: 1024px) 100vw, 1024px\" \/>\t\t\t\t\t\t\t\t<\/a>\n\t\t\t\t\t\t\t\t\t\t\t<figcaption class=\"widget-image-caption wp-caption-text\">K\u0119K\u0119 - Jednoro\u017cec prod. moody scrag. Gaffer.<\/figcaption>\n\t\t\t\t\t\t\t\t\t\t<\/figure>\n\t\t\t\t\t\t\t\t\t<\/div>\n\t\t\t\t<div class=\"elementor-element elementor-element-762b0af elementor-widget elementor-widget-image\" data-id=\"762b0af\" data-element_type=\"widget\" data-widget_type=\"image.default\">\n\t\t\t\t\t\t\t\t\t\t\t\t<figure class=\"wp-caption\">\n\t\t\t\t\t\t\t\t\t\t\t<a href=\"https:\/\/www.youtube.com\/watch?v=dq2YeAw9dTw\">\n\t\t\t\t\t\t\t<img loading=\"lazy\" decoding=\"async\" width=\"1024\" height=\"576\" src=\"https:\/\/danieljurzyna.com\/wp-content\/uploads\/2025\/09\/Screenshot-2025-09-28-at-21.45.52-1024x576.png\" class=\"attachment-large size-large wp-image-172\" alt=\"\" srcset=\"https:\/\/danieljurzyna.com\/wp-content\/uploads\/2025\/09\/Screenshot-2025-09-28-at-21.45.52-1024x576.png 1024w, https:\/\/danieljurzyna.com\/wp-content\/uploads\/2025\/09\/Screenshot-2025-09-28-at-21.45.52-300x169.png 300w, https:\/\/danieljurzyna.com\/wp-content\/uploads\/2025\/09\/Screenshot-2025-09-28-at-21.45.52-768x432.png 768w, https:\/\/danieljurzyna.com\/wp-content\/uploads\/2025\/09\/Screenshot-2025-09-28-at-21.45.52-1536x864.png 1536w, https:\/\/danieljurzyna.com\/wp-content\/uploads\/2025\/09\/Screenshot-2025-09-28-at-21.45.52.png 1920w\" sizes=\"(max-width: 1024px) 100vw, 1024px\" \/>\t\t\t\t\t\t\t\t<\/a>\n\t\t\t\t\t\t\t\t\t\t\t<figcaption class=\"widget-image-caption wp-caption-text\">KOSMONAUCI - KOSMOCHOOJUWA. Spark.<\/figcaption>\n\t\t\t\t\t\t\t\t\t\t<\/figure>\n\t\t\t\t\t\t\t\t\t<\/div>\n\t\t\t\t\t<\/div>\n\t\t\t\t<\/div>\n\t\t\t\t<\/div>\n\t\t","protected":false},"excerpt":{"rendered":"<p>AGTZ Twin Tail &#8211; The Story. Gaffer. Szlachetna Paczka. Gaffer. DJ Element- &#8211; Niewypowiedziane \u015awiaty Sega Guitars &#8211; Gaffer Welcome to Office Samurai!. Gaffer. COOKIE BOX. Short Film. Gaffer. LADYLIKE, Short Film. Gaffer. It&#8217;s not another promotional video. Gaffer. Alpine. AFTER THE RUSH. Gaffer. Cold Figures dance short film. Gaffer Barbarians: Season 2. Netflix. Spark. [&hellip;]<\/p>\n","protected":false},"author":1,"featured_media":0,"parent":0,"menu_order":0,"comment_status":"closed","ping_status":"closed","template":"","meta":{"footnotes":""},"class_list":["post-13","page","type-page","status-publish","hentry"],"_links":{"self":[{"href":"https:\/\/danieljurzyna.com\/index.php?rest_route=\/wp\/v2\/pages\/13","targetHints":{"allow":["GET"]}}],"collection":[{"href":"https:\/\/danieljurzyna.com\/index.php?rest_route=\/wp\/v2\/pages"}],"about":[{"href":"https:\/\/danieljurzyna.com\/index.php?rest_route=\/wp\/v2\/types\/page"}],"author":[{"embeddable":true,"href":"https:\/\/danieljurzyna.com\/index.php?rest_route=\/wp\/v2\/users\/1"}],"replies":[{"embeddable":true,"href":"https:\/\/danieljurzyna.com\/index.php?rest_route=%2Fwp%2Fv2%2Fcomments&post=13"}],"version-history":[{"count":65,"href":"https:\/\/danieljurzyna.com\/index.php?rest_route=\/wp\/v2\/pages\/13\/revisions"}],"predecessor-version":[{"id":232,"href":"https:\/\/danieljurzyna.com\/index.php?rest_route=\/wp\/v2\/pages\/13\/revisions\/232"}],"wp:attachment":[{"href":"https:\/\/danieljurzyna.com\/index.php?rest_route=%2Fwp%2Fv2%2Fmedia&parent=13"}],"curies":[{"name":"wp","href":"https:\/\/api.w.org\/{rel}","templated":true}]}}